{"id":2,"date":"2024-08-12T15:30:37","date_gmt":"2024-08-12T13:30:37","guid":{"rendered":"http:\/\/aupresdemesarbres.com\/?page_id=2"},"modified":"2026-04-02T16:02:26","modified_gmt":"2026-04-02T14:02:26","slug":"page-d-exemple","status":"publish","type":"page","link":"https:\/\/aupresdemesarbres.com\/","title":{"rendered":"AUPR\u00c8S DE MES ARBRES"},"content":{"rendered":"\n<div class=\"wp-block-columns is-layout-flex wp-container-core-columns-is-layout-28f84493 wp-block-columns-is-layout-flex\">\n<div class=\"wp-block-column is-layout-flow wp-block-column-is-layout-flow\" style=\"flex-basis:100%\">\n<div class=\"wp-block-group has-global-padding is-layout-constrained wp-block-group-is-layout-constrained\">\n<div class=\"wp-block-columns is-layout-flex wp-container-core-columns-is-layout-28f84493 wp-block-columns-is-layout-flex\">\n<div class=\"wp-block-column is-layout-flow wp-block-column-is-layout-flow\" style=\"flex-basis:100%\">\n<p class=\"has-text-align-left has-contrast-color has-text-color has-link-color wp-elements-d89a5e1d03b89b9c1cb2629f704adcb2\"><\/p>\n<\/div>\n<\/div>\n<\/div>\n<\/div>\n<\/div>\n\n\n\n<figure class=\"wp-block-image size-large is-style-rounded wp-duotone-unset-2 is-style-rounded--1\"><img loading=\"lazy\" decoding=\"async\" width=\"1024\" height=\"576\" src=\"https:\/\/aupresdemesarbres.com\/wp-content\/uploads\/2024\/08\/IMG_20210319_111125-1-1024x576.jpg\" alt=\"\" class=\"wp-image-161\" srcset=\"https:\/\/aupresdemesarbres.com\/wp-content\/uploads\/2024\/08\/IMG_20210319_111125-1-1024x576.jpg 1024w, https:\/\/aupresdemesarbres.com\/wp-content\/uploads\/2024\/08\/IMG_20210319_111125-1-300x169.jpg 300w, https:\/\/aupresdemesarbres.com\/wp-content\/uploads\/2024\/08\/IMG_20210319_111125-1-768x432.jpg 768w, https:\/\/aupresdemesarbres.com\/wp-content\/uploads\/2024\/08\/IMG_20210319_111125-1-1536x863.jpg 1536w, https:\/\/aupresdemesarbres.com\/wp-content\/uploads\/2024\/08\/IMG_20210319_111125-1-2048x1151.jpg 2048w\" sizes=\"auto, (max-width: 1024px) 100vw, 1024px\" \/><\/figure>\n\n\n\n<p><strong>Pauline Girard<\/strong>, gestionnaire foresti\u00e8re ind\u00e9pendante et passionn\u00e9e des plantes sauvages comestibles. D\u00e9placement en Sarthe, Mayenne, Maine-et-Loire.<\/p>\n\n\n\n<div class=\"wp-block-columns are-vertically-aligned-center is-layout-flex wp-container-core-columns-is-layout-28f84493 wp-block-columns-is-layout-flex\">\n<div class=\"wp-block-column is-vertically-aligned-center is-layout-flow wp-block-column-is-layout-flow\" style=\"flex-basis:100%\">\n<p class=\"has-text-align-left has-contrast-color has-text-color has-link-color wp-elements-311af5bec4507fec0283a3a8a526eb62\"><strong>Aupr\u00e8s de mes arbres<\/strong> est n\u00e9 de l&rsquo;envie de voir la for\u00eat et la nature sous diff\u00e9rents angles, quand la grandeur des arbres c\u00f4toie la d\u00e9licatesse des plantes. Alors que la gestion foresti\u00e8re nous appelle \u00e0 imaginer demain et \u00e0 anticiper l&rsquo;avenir, les plantes sauvages, \u00e9ph\u00e9m\u00e8res, nous ram\u00e8nent \u00e0 l&rsquo;instant pr\u00e9sent.<\/p>\n\n\n\n<p><\/p>\n<\/div>\n<\/div>\n\n\n\n<p style=\"text-decoration:underline\">Conseils en gestion foresti\u00e8re :<\/p>\n\n\n\n<div class=\"wp-block-columns are-vertically-aligned-center is-layout-flex wp-container-core-columns-is-layout-c1a430be wp-block-columns-is-layout-flex\" style=\"border-style:none;border-width:0px;border-radius:0px\">\n<div class=\"wp-block-column is-vertically-aligned-center is-layout-flow wp-block-column-is-layout-flow\" style=\"flex-basis:100%\">\n<div class=\"wp-block-group has-global-padding is-layout-constrained wp-block-group-is-layout-constrained\">\n<div class=\"wp-block-columns is-layout-flex wp-container-core-columns-is-layout-28f84493 wp-block-columns-is-layout-flex\">\n<div class=\"wp-block-column is-layout-flow wp-block-column-is-layout-flow\" style=\"flex-basis:100%\">\n<ul class=\"wp-block-list is-style-checkmark-list has-base-background-color has-background\">\n<li class=\"has-medium-font-size\">conseils de boisement et reboisement (diagnostics stationnels avec Bioclimsol et Climessences, essences adapt\u00e9es, pr\u00e9paration de sol&#8230;)<\/li>\n\n\n\n<li class=\"has-medium-font-size\">estimation financi\u00e8re de parcelles bois\u00e9es<\/li>\n\n\n\n<li class=\"has-medium-font-size\">r\u00e9daction de documents de gestion durable (Plan Simple de Gestion, Code de Bonnes Pratiques Sylvicoles)<\/li>\n\n\n\n<li class=\"has-medium-font-size\">aide \u00e0 la r\u00e9daction de dossier de subvention (aide France Nation Verte, aides de la r\u00e9gion)<\/li>\n\n\n\n<li>cartographie sous SIG<\/li>\n\n\n\n<li class=\"has-medium-font-size\">relev\u00e9 d&rsquo;Indice de Biodiversit\u00e9 Potentielle<\/li>\n\n\n\n<li class=\"has-medium-font-size\">relev\u00e9 de d\u00e9g\u00e2ts de gibier \u00ab\u00a0Brossier-Pallu\u00a0\u00bb<\/li>\n\n\n\n<li>animation nature et p\u00e9dagogique<\/li>\n<\/ul>\n<\/div>\n<\/div>\n<\/div>\n<\/div>\n<\/div>\n\n\n\n<figure class=\"wp-block-image size-large is-style-rounded wp-duotone-unset-4 is-style-rounded--3\"><img loading=\"lazy\" decoding=\"async\" width=\"1024\" height=\"576\" src=\"https:\/\/aupresdemesarbres.com\/wp-content\/uploads\/2024\/08\/IMG_20210319_141317-1024x576.jpg\" alt=\"\" class=\"wp-image-122\" srcset=\"https:\/\/aupresdemesarbres.com\/wp-content\/uploads\/2024\/08\/IMG_20210319_141317-1024x576.jpg 1024w, https:\/\/aupresdemesarbres.com\/wp-content\/uploads\/2024\/08\/IMG_20210319_141317-300x169.jpg 300w, https:\/\/aupresdemesarbres.com\/wp-content\/uploads\/2024\/08\/IMG_20210319_141317-768x432.jpg 768w, https:\/\/aupresdemesarbres.com\/wp-content\/uploads\/2024\/08\/IMG_20210319_141317-1536x863.jpg 1536w, https:\/\/aupresdemesarbres.com\/wp-content\/uploads\/2024\/08\/IMG_20210319_141317-2048x1151.jpg 2048w\" sizes=\"auto, (max-width: 1024px) 100vw, 1024px\" \/><\/figure>\n\n\n\n<p><\/p>\n\n\n\n<p><\/p>\n\n\n\n<p style=\"text-decoration:underline\">Balades cueillette de plantes sauvages comestibles :<\/p>\n\n\n\n<p>L&rsquo;objectif de ces balades est de partir \u00e0 la&nbsp;(re)d\u00e9couverte des plantes sauvages&nbsp;et des arbres qui nous entourent, \u00e0 travers nos sens. C\u2019est l&rsquo;occasion de se reconnecter \u00e0 la nature, et de construire un pont avec le pass\u00e9 en se r\u00e9appropriant le savoir de nos anc\u00eatres :<\/p>\n\n\n\n<ul style=\"padding-top:0;padding-right:var(--wp--preset--spacing--60);padding-bottom:0;padding-left:var(--wp--preset--spacing--60)\" class=\"wp-block-list is-style-checkmark-list\">\n<li>identifier les plantes sauvages et arbres comestibles,<\/li>\n\n\n\n<li>les utiliser dans notre vie quotidienne (recettes de cuisine, rem\u00e8des naturels),<\/li>\n\n\n\n<li>conna\u00eetre leurs bienfaits sur notre sant\u00e9 physique et mentale, et sur l&rsquo;\u00e9cologie.<\/li>\n<\/ul>\n\n\n\n<div class=\"wp-block-columns is-layout-flex wp-container-core-columns-is-layout-28f84493 wp-block-columns-is-layout-flex\">\n<div class=\"wp-block-column is-layout-flow wp-block-column-is-layout-flow\" style=\"flex-basis:50%\">\n<p>Nous partageons un moment convivial en fin de balade autour d&rsquo;une gourmandise.<\/p>\n\n\n\n<p>N&rsquo;h\u00e9sitez pas \u00e0 me solliciter pour des demandes particuli\u00e8res.<\/p>\n<\/div>\n\n\n\n<div class=\"wp-block-column is-layout-flow wp-block-column-is-layout-flow\" style=\"flex-basis:50%\">\n<p>Diff\u00e9rents parcours (St-jean-de-la-Motte, Mansign\u00e9) et th\u00e8mes propos\u00e9s selon les saisons. Dur\u00e9e 2h30, tarif variable. Groupe de 10 \u00e0 20 personnes.<\/p>\n<\/div>\n<\/div>\n\n\n\n<p class=\"has-medium-font-size\" style=\"text-decoration:underline\">Agenda 2026 :<\/p>\n\n\n\n<ul class=\"wp-block-list\">\n<li>dimanche 25 janvier 2026 de 14h \u00e0 16h \u00e0 Mansign\u00e9 : \u00ab\u00a0Les arbres en hiver\u00a0\u00bb. Balade botanique au c\u0153ur de l\u2019hiver pour&nbsp;en apprendre davantage sur les arbres : pourquoi dorment-ils&nbsp;en hiver,&nbsp;comment les reconna\u00eetre hors feuilles et quels sont&nbsp;leurs bienfaits sur l&rsquo;\u00e9cosyst\u00e8me et notre sant\u00e9.<\/li>\n\n\n\n<li style=\"font-style:normal;font-weight:500\">dimanche 15 mars 2026 de 14h \u00e0 16h30 \u00e0 St-Jean-de-la-Motte (72) \u00ab\u00a0Les arbres et plantes comestibles de fin d&rsquo;hiver\u00a0\u00bb. Balade botanique de printemps (4,5km) pour d\u00e9couvrir les arbres et plantes comestibles qui seront sur notre chemin : comment les identifier, quelles sont leurs particularit\u00e9s et comment b\u00e9n\u00e9ficier de leurs vertus. Participation libre \u2013 tout public \u2013 chacun est libre d\u2019apporter une gourmandise pour partager un go\u00fbter en fin de balade.<\/li>\n<\/ul>\n\n\n\n<figure class=\"wp-block-image size-large is-style-rounded wp-duotone-unset-6 is-style-rounded--5\"><img loading=\"lazy\" decoding=\"async\" width=\"1024\" height=\"576\" src=\"https:\/\/aupresdemesarbres.com\/wp-content\/uploads\/2024\/08\/IMG_20220428_164702-1024x576.jpg\" alt=\"\" class=\"wp-image-123\" srcset=\"https:\/\/aupresdemesarbres.com\/wp-content\/uploads\/2024\/08\/IMG_20220428_164702-1024x576.jpg 1024w, https:\/\/aupresdemesarbres.com\/wp-content\/uploads\/2024\/08\/IMG_20220428_164702-300x169.jpg 300w, https:\/\/aupresdemesarbres.com\/wp-content\/uploads\/2024\/08\/IMG_20220428_164702-768x432.jpg 768w, https:\/\/aupresdemesarbres.com\/wp-content\/uploads\/2024\/08\/IMG_20220428_164702-1536x863.jpg 1536w, https:\/\/aupresdemesarbres.com\/wp-content\/uploads\/2024\/08\/IMG_20220428_164702-2048x1151.jpg 2048w\" sizes=\"auto, (max-width: 1024px) 100vw, 1024px\" \/><\/figure>\n\n\n\n<p class=\"has-small-font-size\">L&rsquo;ail des ours en fleur<\/p>\n\n\n\n<p><\/p>\n\n\n\n<p><\/p>\n\n\n\n<p style=\"text-decoration:underline\">A propos<\/p>\n\n\n\n<div class=\"wp-block-columns is-layout-flex wp-container-core-columns-is-layout-28f84493 wp-block-columns-is-layout-flex\">\n<div class=\"wp-block-column is-vertically-aligned-center is-layout-flow wp-block-column-is-layout-flow\" style=\"flex-basis:50%\">\n<figure class=\"wp-block-image aligncenter size-full is-resized is-style-rounded wp-duotone-unset-8 is-style-rounded--7\"><img loading=\"lazy\" decoding=\"async\" width=\"376\" height=\"547\" src=\"https:\/\/aupresdemesarbres.com\/wp-content\/uploads\/2024\/08\/Capture-decran-2024-08-15-173934.png\" alt=\"\" class=\"wp-image-124\" style=\"width:133px;height:auto\" srcset=\"https:\/\/aupresdemesarbres.com\/wp-content\/uploads\/2024\/08\/Capture-decran-2024-08-15-173934.png 376w, https:\/\/aupresdemesarbres.com\/wp-content\/uploads\/2024\/08\/Capture-decran-2024-08-15-173934-206x300.png 206w\" sizes=\"auto, (max-width: 376px) 100vw, 376px\" \/><\/figure>\n<\/div>\n\n\n\n<div class=\"wp-block-column is-vertically-aligned-center is-layout-flow wp-block-column-is-layout-flow\" style=\"flex-basis:50%\">\n<p>De la gestion d&rsquo;entreprise \u00e0 la gestion de la for\u00eat, il n&rsquo;y avait qu&rsquo;un (grand) pas. Pas que j&rsquo;ai franchi il y a quelques ann\u00e9es, avec la volont\u00e9 de rejoindre mon domaine de pr\u00e9dilection, cette passion qui ne m&rsquo;a jamais quitt\u00e9e, la for\u00eat. Apr\u00e8s une formation en gestion foresti\u00e8re (BTS) et 3 ann\u00e9es pass\u00e9es au Centre National de la Propri\u00e9t\u00e9 Foresti\u00e8re en Sarthe o\u00f9 j&rsquo;ai pu mener diff\u00e9rentes missions (conseils aupr\u00e8s des propri\u00e9taires forestiers, d\u00e9marches de chantier group\u00e9, animation de r\u00e9unions de formation et de vulgarisation, etc.),  j&rsquo;ai d\u00e9cid\u00e9 de cr\u00e9er <strong>Aupr\u00e8s de mes arbres<\/strong> pour concilier for\u00eat et plantes.<\/p>\n<\/div>\n<\/div>\n\n\n\n<p><\/p>\n","protected":false},"excerpt":{"rendered":"<p>Pauline Girard, gestionnaire foresti\u00e8re ind\u00e9pendante et passionn\u00e9e des plantes sauvages comestibles. D\u00e9placement en Sarthe, Mayenne, Maine-et-Loire. Aupr\u00e8s de mes arbres est n\u00e9 de l&rsquo;envie de voir la for\u00eat et la nature sous diff\u00e9rents angles, quand la grandeur des arbres c\u00f4toie la d\u00e9licatesse des plantes. Alors que la gestion foresti\u00e8re nous appelle \u00e0 imaginer demain et [&hellip;]<\/p>\n","protected":false},"author":1,"featured_media":0,"parent":0,"menu_order":0,"comment_status":"closed","ping_status":"open","template":"","meta":{"footnotes":""},"class_list":["post-2","page","type-page","status-publish","hentry"],"_links":{"self":[{"href":"https:\/\/aupresdemesarbres.com\/index.php\/wp-json\/wp\/v2\/pages\/2","targetHints":{"allow":["GET"]}}],"collection":[{"href":"https:\/\/aupresdemesarbres.com\/index.php\/wp-json\/wp\/v2\/pages"}],"about":[{"href":"https:\/\/aupresdemesarbres.com\/index.php\/wp-json\/wp\/v2\/types\/page"}],"author":[{"embeddable":true,"href":"https:\/\/aupresdemesarbres.com\/index.php\/wp-json\/wp\/v2\/users\/1"}],"replies":[{"embeddable":true,"href":"https:\/\/aupresdemesarbres.com\/index.php\/wp-json\/wp\/v2\/comments?post=2"}],"version-history":[{"count":47,"href":"https:\/\/aupresdemesarbres.com\/index.php\/wp-json\/wp\/v2\/pages\/2\/revisions"}],"predecessor-version":[{"id":223,"href":"https:\/\/aupresdemesarbres.com\/index.php\/wp-json\/wp\/v2\/pages\/2\/revisions\/223"}],"wp:attachment":[{"href":"https:\/\/aupresdemesarbres.com\/index.php\/wp-json\/wp\/v2\/media?parent=2"}],"curies":[{"name":"wp","href":"https:\/\/api.w.org\/{rel}","templated":true}]}}